{"id":18,"date":"2025-12-17T15:07:43","date_gmt":"2025-12-17T15:07:43","guid":{"rendered":"https:\/\/188.edukovac.xyz\/?page_id=18"},"modified":"2025-12-25T17:34:04","modified_gmt":"2025-12-25T17:34:04","slug":"naslovna","status":"publish","type":"page","link":"https:\/\/188.edukovac.xyz\/index.php\/naslovna\/","title":{"rendered":"Naslovna"},"content":{"rendered":"\t\t<div data-elementor-type=\"wp-page\" data-elementor-id=\"18\" class=\"elementor elementor-18\" data-elementor-post-type=\"page\">\n\t\t\t\t<div class=\"elementor-element elementor-element-dc80021 e-con-full e-flex e-con e-parent\" data-id=\"dc80021\" data-element_type=\"container\" data-settings=\"{&quot;background_background&quot;:&quot;gradient&quot;,&quot;shape_divider_bottom&quot;:&quot;waves&quot;}\">\n\t\t\t\t<div class=\"elementor-shape elementor-shape-bottom\" aria-hidden=\"true\" data-negative=\"false\">\n\t\t\t<svg xmlns=\"http:\/\/www.w3.org\/2000\/svg\" viewBox=\"0 0 1000 100\" preserveAspectRatio=\"none\">\n\t<path class=\"elementor-shape-fill\" d=\"M421.9,6.5c22.6-2.5,51.5,0.4,75.5,5.3c23.6,4.9,70.9,23.5,100.5,35.7c75.8,32.2,133.7,44.5,192.6,49.7\n\tc23.6,2.1,48.7,3.5,103.4-2.5c54.7-6,106.2-25.6,106.2-25.6V0H0v30.3c0,0,72,32.6,158.4,30.5c39.2-0.7,92.8-6.7,134-22.4\n\tc21.2-8.1,52.2-18.2,79.7-24.2C399.3,7.9,411.6,7.5,421.9,6.5z\"\/>\n<\/svg>\t\t<\/div>\n\t\t<div class=\"elementor-element elementor-element-2ca6d4d e-con-full e-flex e-con e-child\" data-id=\"2ca6d4d\" data-element_type=\"container\">\n\t\t\t\t<div class=\"elementor-element elementor-element-ed2deb9 elementor-widget__width-initial elementor-widget elementor-widget-image\" data-id=\"ed2deb9\" data-element_type=\"widget\" data-widget_type=\"image.default\">\n\t\t\t\t\t\t\t\t\t\t\t\t\t\t\t<img fetchpriority=\"high\" decoding=\"async\" width=\"800\" height=\"1000\" src=\"https:\/\/188.edukovac.xyz\/wp-content\/uploads\/2025\/12\/Digitalni-marketing-1-819x1024.png\" class=\"attachment-large size-large wp-image-21\" alt=\"let&#039;s do this\" srcset=\"https:\/\/188.edukovac.xyz\/wp-content\/uploads\/2025\/12\/Digitalni-marketing-1-819x1024.png 819w, https:\/\/188.edukovac.xyz\/wp-content\/uploads\/2025\/12\/Digitalni-marketing-1-240x300.png 240w, https:\/\/188.edukovac.xyz\/wp-content\/uploads\/2025\/12\/Digitalni-marketing-1-768x960.png 768w, https:\/\/188.edukovac.xyz\/wp-content\/uploads\/2025\/12\/Digitalni-marketing-1.png 1080w\" sizes=\"(max-width: 800px) 100vw, 800px\" \/>\t\t\t\t\t\t\t\t\t\t\t\t\t\t\t<\/div>\n\t\t\t\t<\/div>\n\t\t<div class=\"elementor-element elementor-element-eb87303 e-con-full e-flex e-con e-child\" data-id=\"eb87303\" data-element_type=\"container\" data-settings=\"{&quot;background_background&quot;:&quot;gradient&quot;}\">\n\t\t\t\t<div class=\"elementor-element elementor-element-d8175f3 elementor-widget__width-initial e-transform elementor-widget elementor-widget-heading\" data-id=\"d8175f3\" data-element_type=\"widget\" data-settings=\"{&quot;_animation&quot;:&quot;none&quot;,&quot;_transform_scale_effect&quot;:{&quot;unit&quot;:&quot;px&quot;,&quot;size&quot;:&quot;&quot;,&quot;sizes&quot;:[]},&quot;_transform_scale_effect_tablet&quot;:{&quot;unit&quot;:&quot;px&quot;,&quot;size&quot;:&quot;&quot;,&quot;sizes&quot;:[]},&quot;_transform_scale_effect_mobile&quot;:{&quot;unit&quot;:&quot;px&quot;,&quot;size&quot;:&quot;&quot;,&quot;sizes&quot;:[]}}\" data-widget_type=\"heading.default\">\n\t\t\t\t\t<h3 class=\"elementor-heading-title elementor-size-default\"><br><br>Dobro do\u0161li <br><br>\n\nFEATHER DIGITAL<\/h3>\t\t\t\t<\/div>\n\t\t\t\t<\/div>\n\t\t\t\t<\/div>\n\t\t<div class=\"elementor-element elementor-element-920c03e e-con-full e-flex e-con e-parent\" data-id=\"920c03e\" data-element_type=\"container\" data-settings=\"{&quot;background_background&quot;:&quot;gradient&quot;}\">\n\t\t\t\t<div class=\"elementor-element elementor-element-3219b75 elementor-widget elementor-widget-heading\" data-id=\"3219b75\" data-element_type=\"widget\" data-widget_type=\"heading.default\">\n\t\t\t\t\t<h5 class=\"elementor-heading-title elementor-size-default\">LAKO\u0106A PERA U DIGITALNOM DOBU<\/h5>\t\t\t\t<\/div>\n\t\t\t\t<\/div>\n\t\t<div class=\"elementor-element elementor-element-143436a e-flex e-con-boxed e-con e-parent\" data-id=\"143436a\" data-element_type=\"container\">\n\t\t\t\t\t<div class=\"e-con-inner\">\n\t\t\t\t<div class=\"elementor-element elementor-element-0987207 elementor-widget-divider--view-line elementor-widget elementor-widget-divider\" data-id=\"0987207\" data-element_type=\"widget\" data-widget_type=\"divider.default\">\n\t\t\t\t\t\t\t<div class=\"elementor-divider\">\n\t\t\t<span class=\"elementor-divider-separator\">\n\t\t\t\t\t\t<\/span>\n\t\t<\/div>\n\t\t\t\t\t\t<\/div>\n\t\t\t\t\t<\/div>\n\t\t\t\t<\/div>\n\t\t<div class=\"elementor-element elementor-element-dc3ab00 e-con-full e-flex e-con e-parent\" data-id=\"dc3ab00\" data-element_type=\"container\">\n\t\t<div class=\"elementor-element elementor-element-44918ab e-con-full e-flex e-con e-child\" data-id=\"44918ab\" data-element_type=\"container\">\n\t\t\t\t<div class=\"elementor-element elementor-element-32a9663 elementor-widget elementor-widget-heading\" data-id=\"32a9663\" data-element_type=\"widget\" data-widget_type=\"heading.default\">\n\t\t\t\t\t<h1 class=\"elementor-heading-title elementor-size-default\">Za\u0161to ba\u0161 <i><b>feather<\/b><\/i>?<\/h1>\t\t\t\t<\/div>\n\t\t\t\t<div class=\"elementor-element elementor-element-5a29a09 elementor-widget elementor-widget-text-editor\" data-id=\"5a29a09\" data-element_type=\"widget\" data-widget_type=\"text-editor.default\">\n\t\t\t\t\t\t\t\t\t<h6>Odre\u0111eno filozofsko tuma\u010denje jeste da je te\u017eina \u010dovekove du\u0161e jednaka te\u017eini\u00a0 jednog <strong><em>pera<\/em><\/strong>. Na nekoj zami\u0161ljenoj vagi, du\u0161a i pero bi trebali da ostanu u ravnote\u017ei. Ukoliko pretegne te\u017eina pera, ovozemaljski \u017eivot je bio ispunjen grehom, te ni nakon njega du\u0161a ne bi bila oslobo\u0111ena istog.<\/h6><h6>Prema tome, <strong>u ovom na\u0161em digitalnom svetu, neka ideje krila dobiju, a marketing, lako poput pera, dosegne visine!<\/strong><\/h6>\t\t\t\t\t\t\t\t<\/div>\n\t\t\t\t<\/div>\n\t\t\t\t<div class=\"elementor-element elementor-element-c9ca6a7 elementor-widget__width-initial elementor-widget elementor-widget-image\" data-id=\"c9ca6a7\" data-element_type=\"widget\" data-widget_type=\"image.default\">\n\t\t\t\t\t\t\t\t\t\t\t\t\t\t\t<img decoding=\"async\" width=\"800\" height=\"1000\" src=\"https:\/\/188.edukovac.xyz\/wp-content\/uploads\/2025\/12\/DM28722025-819x1024.jpg\" class=\"attachment-large size-large wp-image-84\" alt=\"\" srcset=\"https:\/\/188.edukovac.xyz\/wp-content\/uploads\/2025\/12\/DM28722025-819x1024.jpg 819w, https:\/\/188.edukovac.xyz\/wp-content\/uploads\/2025\/12\/DM28722025-240x300.jpg 240w, https:\/\/188.edukovac.xyz\/wp-content\/uploads\/2025\/12\/DM28722025-768x960.jpg 768w, https:\/\/188.edukovac.xyz\/wp-content\/uploads\/2025\/12\/DM28722025.jpg 1080w\" sizes=\"(max-width: 800px) 100vw, 800px\" \/>\t\t\t\t\t\t\t\t\t\t\t\t\t\t\t<\/div>\n\t\t\t\t<\/div>\n\t\t\t\t<\/div>\n\t\t","protected":false},"excerpt":{"rendered":"<p>Dobro do\u0161li FEATHER DIGITAL LAKO\u0106A PERA U DIGITALNOM DOBU Za\u0161to ba\u0161 feather? Odre\u0111eno filozofsko tuma\u010denje jeste da je te\u017eina \u010dovekove du\u0161e jednaka te\u017eini\u00a0 jednog pera. Na nekoj zami\u0161ljenoj vagi, du\u0161a i pero bi trebali da ostanu u ravnote\u017ei. Ukoliko pretegne te\u017eina pera, ovozemaljski \u017eivot je bio ispunjen grehom, te ni nakon njega du\u0161a ne bi [&hellip;]<\/p>\n","protected":false},"author":1,"featured_media":0,"parent":0,"menu_order":0,"comment_status":"closed","ping_status":"closed","template":"","meta":{"footnotes":""},"class_list":["post-18","page","type-page","status-publish","hentry"],"_links":{"self":[{"href":"https:\/\/188.edukovac.xyz\/index.php\/wp-json\/wp\/v2\/pages\/18","targetHints":{"allow":["GET"]}}],"collection":[{"href":"https:\/\/188.edukovac.xyz\/index.php\/wp-json\/wp\/v2\/pages"}],"about":[{"href":"https:\/\/188.edukovac.xyz\/index.php\/wp-json\/wp\/v2\/types\/page"}],"author":[{"embeddable":true,"href":"https:\/\/188.edukovac.xyz\/index.php\/wp-json\/wp\/v2\/users\/1"}],"replies":[{"embeddable":true,"href":"https:\/\/188.edukovac.xyz\/index.php\/wp-json\/wp\/v2\/comments?post=18"}],"version-history":[{"count":17,"href":"https:\/\/188.edukovac.xyz\/index.php\/wp-json\/wp\/v2\/pages\/18\/revisions"}],"predecessor-version":[{"id":96,"href":"https:\/\/188.edukovac.xyz\/index.php\/wp-json\/wp\/v2\/pages\/18\/revisions\/96"}],"wp:attachment":[{"href":"https:\/\/188.edukovac.xyz\/index.php\/wp-json\/wp\/v2\/media?parent=18"}],"curies":[{"name":"wp","href":"https:\/\/api.w.org\/{rel}","templated":true}]}}